{"id":47,"date":"2026-02-15T12:48:36","date_gmt":"2026-02-15T12:48:36","guid":{"rendered":"https:\/\/vibrastation.fr\/?page_id=47"},"modified":"2026-02-15T13:02:36","modified_gmt":"2026-02-15T13:02:36","slug":"a-propos-de-vibra-station","status":"publish","type":"page","link":"https:\/\/vibrastation.fr\/index.php\/a-propos-de-vibra-station\/","title":{"rendered":"A Propos de Vibra&rsquo; Station"},"content":{"rendered":"\n<p>Vibra\u2019 Station est une webradio ind\u00e9pendante d\u00e9di\u00e9e au reggae, couvrant toutes ses formes : roots, dancehall, dub, lovers rock et reggae fran\u00e7ais, avec une s\u00e9lection de nouveaut\u00e9s et classiques incontournables.<\/p>\n\n\n\n<p><br>Notre mission : proposer une programmation reggae coh\u00e9rente et qualitative, mettant en avant les artistes internationaux et fran\u00e7ais, les albums embl\u00e9matiques, et les titres les plus \u00e9cout\u00e9s.<\/p>\n\n\n\n<p><br>Avec Vibra\u2019 Station, d\u00e9couvrez une exp\u00e9rience musicale authentique et dynamique, fid\u00e8le \u00e0 l\u2019esprit du reggae moderne et urbain, pour tous les auditeurs en France et dans le monde.<br>\u00c9coutez Vibra\u2019 Station.<\/p>\n\n\n\n<p>la web radio reggae qui connecte classiques et nouveaut\u00e9s.<\/p>\n\n\n\n<p><\/p>\n","protected":false},"excerpt":{"rendered":"<p>Vibra\u2019 Station est une webradio ind\u00e9pendante d\u00e9di\u00e9e au reggae, couvrant toutes ses formes : roots, dancehall, dub, lovers rock et reggae fran\u00e7ais, avec une s\u00e9lection de nouveaut\u00e9s et classiques incontournables. Notre mission : proposer une programmation reggae coh\u00e9rente et qualitative, mettant en avant les artistes internationaux et fran\u00e7ais, les albums embl\u00e9matiques, et les titres les [&hellip;]<\/p>\n","protected":false},"author":1,"featured_media":0,"parent":0,"menu_order":0,"comment_status":"closed","ping_status":"closed","template":"","meta":{"footnotes":""},"class_list":["post-47","page","type-page","status-publish","hentry"],"yoast_head":"<!-- This site is optimized with the Yoast SEO plugin v27.3 - https:\/\/yoast.com\/product\/yoast-seo-wordpress\/ -->\n<title>A Propos de Vibra&#039; Station - Vibra&#039; Station<\/title>\n<meta name=\"robots\" content=\"index, follow, max-snippet:-1, max-image-preview:large, max-video-preview:-1\" \/>\n<link rel=\"canonical\" href=\"https:\/\/vibrastation.fr\/index.php\/a-propos-de-vibra-station\/\" \/>\n<meta property=\"og:locale\" content=\"fr_FR\" \/>\n<meta property=\"og:type\" content=\"article\" \/>\n<meta property=\"og:title\" content=\"A Propos de Vibra&#039; Station - Vibra&#039; Station\" \/>\n<meta property=\"og:description\" content=\"Vibra\u2019 Station est une webradio ind\u00e9pendante d\u00e9di\u00e9e au reggae, couvrant toutes ses formes : roots, dancehall, dub, lovers rock et reggae fran\u00e7ais, avec une s\u00e9lection de nouveaut\u00e9s et classiques incontournables. Notre mission : proposer une programmation reggae coh\u00e9rente et qualitative, mettant en avant les artistes internationaux et fran\u00e7ais, les albums embl\u00e9matiques, et les titres les [&hellip;]\" \/>\n<meta property=\"og:url\" content=\"https:\/\/vibrastation.fr\/index.php\/a-propos-de-vibra-station\/\" \/>\n<meta property=\"og:site_name\" content=\"Vibra&#039; Station\" \/>\n<meta property=\"article:modified_time\" content=\"2026-02-15T13:02:36+00:00\" \/>\n<meta name=\"twitter:card\" content=\"summary_large_image\" \/>\n<meta name=\"twitter:label1\" content=\"Dur\u00e9e de lecture estim\u00e9e\" \/>\n\t<meta name=\"twitter:data1\" content=\"1 minute\" \/>\n<script type=\"application\/ld+json\" class=\"yoast-schema-graph\">{\"@context\":\"https:\\\/\\\/schema.org\",\"@graph\":[{\"@type\":\"WebPage\",\"@id\":\"https:\\\/\\\/vibrastation.fr\\\/index.php\\\/a-propos-de-vibra-station\\\/\",\"url\":\"https:\\\/\\\/vibrastation.fr\\\/index.php\\\/a-propos-de-vibra-station\\\/\",\"name\":\"A Propos de Vibra' Station - Vibra&#039; Station\",\"isPartOf\":{\"@id\":\"https:\\\/\\\/vibrastation.fr\\\/#website\"},\"datePublished\":\"2026-02-15T12:48:36+00:00\",\"dateModified\":\"2026-02-15T13:02:36+00:00\",\"breadcrumb\":{\"@id\":\"https:\\\/\\\/vibrastation.fr\\\/index.php\\\/a-propos-de-vibra-station\\\/#breadcrumb\"},\"inLanguage\":\"fr-FR\",\"potentialAction\":[{\"@type\":\"ReadAction\",\"target\":[\"https:\\\/\\\/vibrastation.fr\\\/index.php\\\/a-propos-de-vibra-station\\\/\"]}]},{\"@type\":\"BreadcrumbList\",\"@id\":\"https:\\\/\\\/vibrastation.fr\\\/index.php\\\/a-propos-de-vibra-station\\\/#breadcrumb\",\"itemListElement\":[{\"@type\":\"ListItem\",\"position\":1,\"name\":\"Accueil\",\"item\":\"https:\\\/\\\/vibrastation.fr\\\/\"},{\"@type\":\"ListItem\",\"position\":2,\"name\":\"A Propos de Vibra&rsquo; Station\"}]},{\"@type\":\"WebSite\",\"@id\":\"https:\\\/\\\/vibrastation.fr\\\/#website\",\"url\":\"https:\\\/\\\/vibrastation.fr\\\/\",\"name\":\"Vibra' Station\",\"description\":\"Ecoutez Vibra&#039; Station, votre Web  radio reggae en France : classiques Roots, dancehall et nouveaut\u00e9 24h\\\/24 en streaming\",\"publisher\":{\"@id\":\"https:\\\/\\\/vibrastation.fr\\\/#organization\"},\"potentialAction\":[{\"@type\":\"SearchAction\",\"target\":{\"@type\":\"EntryPoint\",\"urlTemplate\":\"https:\\\/\\\/vibrastation.fr\\\/?s={search_term_string}\"},\"query-input\":{\"@type\":\"PropertyValueSpecification\",\"valueRequired\":true,\"valueName\":\"search_term_string\"}}],\"inLanguage\":\"fr-FR\"},{\"@type\":\"Organization\",\"@id\":\"https:\\\/\\\/vibrastation.fr\\\/#organization\",\"name\":\"Vibra' Station\",\"url\":\"https:\\\/\\\/vibrastation.fr\\\/\",\"logo\":{\"@type\":\"ImageObject\",\"inLanguage\":\"fr-FR\",\"@id\":\"https:\\\/\\\/vibrastation.fr\\\/#\\\/schema\\\/logo\\\/image\\\/\",\"url\":\"https:\\\/\\\/vibrastation.fr\\\/wp-content\\\/uploads\\\/2026\\\/02\\\/logo-vibra-station.png\",\"contentUrl\":\"https:\\\/\\\/vibrastation.fr\\\/wp-content\\\/uploads\\\/2026\\\/02\\\/logo-vibra-station.png\",\"width\":1080,\"height\":1065,\"caption\":\"Vibra' Station\"},\"image\":{\"@id\":\"https:\\\/\\\/vibrastation.fr\\\/#\\\/schema\\\/logo\\\/image\\\/\"}}]}<\/script>\n<!-- \/ Yoast SEO plugin. -->","yoast_head_json":{"title":"A Propos de Vibra' Station - Vibra&#039; Station","robots":{"index":"index","follow":"follow","max-snippet":"max-snippet:-1","max-image-preview":"max-image-preview:large","max-video-preview":"max-video-preview:-1"},"canonical":"https:\/\/vibrastation.fr\/index.php\/a-propos-de-vibra-station\/","og_locale":"fr_FR","og_type":"article","og_title":"A Propos de Vibra' Station - Vibra&#039; Station","og_description":"Vibra\u2019 Station est une webradio ind\u00e9pendante d\u00e9di\u00e9e au reggae, couvrant toutes ses formes : roots, dancehall, dub, lovers rock et reggae fran\u00e7ais, avec une s\u00e9lection de nouveaut\u00e9s et classiques incontournables. Notre mission : proposer une programmation reggae coh\u00e9rente et qualitative, mettant en avant les artistes internationaux et fran\u00e7ais, les albums embl\u00e9matiques, et les titres les [&hellip;]","og_url":"https:\/\/vibrastation.fr\/index.php\/a-propos-de-vibra-station\/","og_site_name":"Vibra&#039; Station","article_modified_time":"2026-02-15T13:02:36+00:00","twitter_card":"summary_large_image","twitter_misc":{"Dur\u00e9e de lecture estim\u00e9e":"1 minute"},"schema":{"@context":"https:\/\/schema.org","@graph":[{"@type":"WebPage","@id":"https:\/\/vibrastation.fr\/index.php\/a-propos-de-vibra-station\/","url":"https:\/\/vibrastation.fr\/index.php\/a-propos-de-vibra-station\/","name":"A Propos de Vibra' Station - Vibra&#039; Station","isPartOf":{"@id":"https:\/\/vibrastation.fr\/#website"},"datePublished":"2026-02-15T12:48:36+00:00","dateModified":"2026-02-15T13:02:36+00:00","breadcrumb":{"@id":"https:\/\/vibrastation.fr\/index.php\/a-propos-de-vibra-station\/#breadcrumb"},"inLanguage":"fr-FR","potentialAction":[{"@type":"ReadAction","target":["https:\/\/vibrastation.fr\/index.php\/a-propos-de-vibra-station\/"]}]},{"@type":"BreadcrumbList","@id":"https:\/\/vibrastation.fr\/index.php\/a-propos-de-vibra-station\/#breadcrumb","itemListElement":[{"@type":"ListItem","position":1,"name":"Accueil","item":"https:\/\/vibrastation.fr\/"},{"@type":"ListItem","position":2,"name":"A Propos de Vibra&rsquo; Station"}]},{"@type":"WebSite","@id":"https:\/\/vibrastation.fr\/#website","url":"https:\/\/vibrastation.fr\/","name":"Vibra' Station","description":"Ecoutez Vibra&#039; Station, votre Web  radio reggae en France : classiques Roots, dancehall et nouveaut\u00e9 24h\/24 en streaming","publisher":{"@id":"https:\/\/vibrastation.fr\/#organization"},"potentialAction":[{"@type":"SearchAction","target":{"@type":"EntryPoint","urlTemplate":"https:\/\/vibrastation.fr\/?s={search_term_string}"},"query-input":{"@type":"PropertyValueSpecification","valueRequired":true,"valueName":"search_term_string"}}],"inLanguage":"fr-FR"},{"@type":"Organization","@id":"https:\/\/vibrastation.fr\/#organization","name":"Vibra' Station","url":"https:\/\/vibrastation.fr\/","logo":{"@type":"ImageObject","inLanguage":"fr-FR","@id":"https:\/\/vibrastation.fr\/#\/schema\/logo\/image\/","url":"https:\/\/vibrastation.fr\/wp-content\/uploads\/2026\/02\/logo-vibra-station.png","contentUrl":"https:\/\/vibrastation.fr\/wp-content\/uploads\/2026\/02\/logo-vibra-station.png","width":1080,"height":1065,"caption":"Vibra' Station"},"image":{"@id":"https:\/\/vibrastation.fr\/#\/schema\/logo\/image\/"}}]}},"_links":{"self":[{"href":"https:\/\/vibrastation.fr\/index.php\/wp-json\/wp\/v2\/pages\/47","targetHints":{"allow":["GET"]}}],"collection":[{"href":"https:\/\/vibrastation.fr\/index.php\/wp-json\/wp\/v2\/pages"}],"about":[{"href":"https:\/\/vibrastation.fr\/index.php\/wp-json\/wp\/v2\/types\/page"}],"author":[{"embeddable":true,"href":"https:\/\/vibrastation.fr\/index.php\/wp-json\/wp\/v2\/users\/1"}],"replies":[{"embeddable":true,"href":"https:\/\/vibrastation.fr\/index.php\/wp-json\/wp\/v2\/comments?post=47"}],"version-history":[{"count":2,"href":"https:\/\/vibrastation.fr\/index.php\/wp-json\/wp\/v2\/pages\/47\/revisions"}],"predecessor-version":[{"id":54,"href":"https:\/\/vibrastation.fr\/index.php\/wp-json\/wp\/v2\/pages\/47\/revisions\/54"}],"wp:attachment":[{"href":"https:\/\/vibrastation.fr\/index.php\/wp-json\/wp\/v2\/media?parent=47"}],"curies":[{"name":"wp","href":"https:\/\/api.w.org\/{rel}","templated":true}]}}